{"id":9,"date":"2026-03-19T18:03:02","date_gmt":"2026-03-19T18:03:02","guid":{"rendered":"http:\/\/ielektronik.pl\/index.php\/cart\/"},"modified":"2026-04-01T17:07:33","modified_gmt":"2026-04-01T17:07:33","slug":"cart","status":"publish","type":"page","link":"https:\/\/ielektronik.pl\/cart\/","title":{"rendered":"Koszyk"},"content":{"rendered":"\n<div data-block-name=\"woocommerce\/cart\" class=\"wp-block-woocommerce-cart alignwide is-loading\">\n<div data-block-name=\"woocommerce\/filled-cart-block\" class=\"wp-block-woocommerce-filled-cart-block\">\n<div data-block-name=\"woocommerce\/cart-items-block\" class=\"wp-block-woocommerce-cart-items-block\">\n<div data-block-name=\"woocommerce\/cart-line-items-block\" class=\"wp-block-woocommerce-cart-line-items-block\"><\/div>\n\n\n<\/div>\n\n\n\n<div data-block-name=\"woocommerce\/cart-totals-block\" class=\"wp-block-woocommerce-cart-totals-block\">\n<div data-block-name=\"woocommerce\/cart-order-summary-block\" class=\"wp-block-woocommerce-cart-order-summary-block\">\n<div data-block-name=\"woocommerce\/cart-order-summary-heading-block\" data-content=\"Podsumowanie koszyka\" class=\"wp-block-woocommerce-cart-order-summary-heading-block\"><\/div>\n\n\n\n<div data-block-name=\"woocommerce\/cart-order-summary-coupon-form-block\" class=\"wp-block-woocommerce-cart-order-summary-coupon-form-block\"><\/div>\n\n\n\n<div data-block-name=\"woocommerce\/cart-order-summary-totals-block\" class=\"wp-block-woocommerce-cart-order-summary-totals-block\">\n<div data-block-name=\"woocommerce\/cart-order-summary-subtotal-block\" class=\"wp-block-woocommerce-cart-order-summary-subtotal-block\"><\/div>\n\n\n\n<div data-block-name=\"woocommerce\/cart-order-summary-fee-block\" class=\"wp-block-woocommerce-cart-order-summary-fee-block\"><\/div>\n\n\n\n<div data-block-name=\"woocommerce\/cart-order-summary-discount-block\" class=\"wp-block-woocommerce-cart-order-summary-discount-block\"><\/div>\n\n\n\n<div data-block-name=\"woocommerce\/cart-order-summary-shipping-block\" class=\"wp-block-woocommerce-cart-order-summary-shipping-block\"><\/div>\n\n\n\n<div data-block-name=\"woocommerce\/cart-order-summary-taxes-block\" class=\"wp-block-woocommerce-cart-order-summary-taxes-block\"><\/div>\n<\/div>\n<\/div>\n\n\n\n<div data-block-name=\"woocommerce\/cart-express-payment-block\" class=\"wp-block-woocommerce-cart-express-payment-block\"><\/div>\n\n\n\n<div data-block-name=\"woocommerce\/proceed-to-checkout-block\" class=\"wp-block-woocommerce-proceed-to-checkout-block\"><\/div>\n\n\n\n<div data-block-name=\"woocommerce\/cart-accepted-payment-methods-block\" class=\"wp-block-woocommerce-cart-accepted-payment-methods-block\"><\/div>\n<\/div>\n<\/div>\n\n\n\n<div data-block-name=\"woocommerce\/empty-cart-block\" class=\"wp-block-woocommerce-empty-cart-block\">\n<h2 class=\"wp-block-heading has-text-align-center with-empty-cart-icon wc-block-cart__empty-cart__title\">Your cart is currently empty!<\/h2>\n\n\n\n<hr class=\"wp-block-separator has-alpha-channel-opacity is-style-dots\"\/>\n\n\n\n<h2 class=\"wp-block-heading has-text-align-center\">New in store<\/h2>\n\n\n<div data-block-name=\"woocommerce\/product-new\" data-columns=\"4\" data-rows=\"1\" class=\"wc-block-grid wp-block-product-new wp-block-woocommerce-product-new wc-block-product-new has-4-columns\"><ul class=\"wc-block-grid__products\"><li class=\"wc-block-grid__product\">\n\t\t\t\t<a href=\"https:\/\/ielektronik.pl\/produkt\/kenwood-multipro-fdp22-130gy-szary\/\" class=\"wc-block-grid__product-link\">\n\t\t\t\t\t\n\t\t\t\t\t<div class=\"wc-block-grid__product-image\"><img loading=\"lazy\" decoding=\"async\" width=\"300\" height=\"300\" src=\"https:\/\/ielektronik.pl\/wp-content\/uploads\/2026\/04\/AMROBKEDFDP22130GY-1-300x300.jpg\" class=\"attachment-woocommerce_thumbnail size-woocommerce_thumbnail\" alt=\"Kenwood MultiPro FDP22.130GY szary\" srcset=\"https:\/\/ielektronik.pl\/wp-content\/uploads\/2026\/04\/AMROBKEDFDP22130GY-1-300x300.jpg 300w, https:\/\/ielektronik.pl\/wp-content\/uploads\/2026\/04\/AMROBKEDFDP22130GY-1-150x150.jpg 150w, https:\/\/ielektronik.pl\/wp-content\/uploads\/2026\/04\/AMROBKEDFDP22130GY-1-100x100.jpg 100w\" sizes=\"auto, (max-width: 300px) 100vw, 300px\" \/><\/div>\n\t\t\t\t\t<div class=\"wc-block-grid__product-title\">Kenwood MultiPro FDP22.130GY szary<\/div>\n\t\t\t\t<\/a>\n\t\t\t\t<div class=\"wc-block-grid__product-price price\"><span class=\"electro-price\"><span class=\"woocommerce-Price-amount amount\">229,00&nbsp;<span class=\"woocommerce-Price-currencySymbol\">&#122;&#322;<\/span><\/span><\/span><\/div>\n\t\t\t\t\n\t\t\t\t<div class=\"wp-block-button wc-block-grid__product-add-to-cart\"><a href=\"\/index.php\/wp-json\/wp\/v2\/pages\/9?add-to-cart=24264\" aria-label=\"Dodaj do koszyka: &bdquo;Kenwood MultiPro FDP22.130GY szary&rdquo;\" data-quantity=\"1\" data-product_id=\"24264\" data-product_sku=\"0W22010102 FDP22.130GY\" data-price=\"229\" rel=\"nofollow\" class=\"wp-block-button__link  add_to_cart_button ajax_add_to_cart\">Dodaj do koszyka<\/a><\/div>\n\t\t\t<\/li><li class=\"wc-block-grid__product\">\n\t\t\t\t<a href=\"https:\/\/ielektronik.pl\/produkt\/mesko-ms-4217\/\" class=\"wc-block-grid__product-link\">\n\t\t\t\t\t\n\t\t\t\t\t<div class=\"wc-block-grid__product-image\"><img loading=\"lazy\" decoding=\"async\" width=\"300\" height=\"300\" src=\"https:\/\/ielektronik.pl\/wp-content\/uploads\/2026\/04\/AMROBMS4217-1-300x300.jpg\" class=\"attachment-woocommerce_thumbnail size-woocommerce_thumbnail\" alt=\"Mesko MS 4217\" srcset=\"https:\/\/ielektronik.pl\/wp-content\/uploads\/2026\/04\/AMROBMS4217-1-300x300.jpg 300w, https:\/\/ielektronik.pl\/wp-content\/uploads\/2026\/04\/AMROBMS4217-1-150x150.jpg 150w, https:\/\/ielektronik.pl\/wp-content\/uploads\/2026\/04\/AMROBMS4217-1-100x100.jpg 100w\" sizes=\"auto, (max-width: 300px) 100vw, 300px\" \/><\/div>\n\t\t\t\t\t<div class=\"wc-block-grid__product-title\">Mesko MS 4217<\/div>\n\t\t\t\t<\/a>\n\t\t\t\t<div class=\"wc-block-grid__product-price price\"><span class=\"electro-price\"><span class=\"woocommerce-Price-amount amount\">221,00&nbsp;<span class=\"woocommerce-Price-currencySymbol\">&#122;&#322;<\/span><\/span><\/span><\/div>\n\t\t\t\t\n\t\t\t\t<div class=\"wp-block-button wc-block-grid__product-add-to-cart\"><a href=\"\/index.php\/wp-json\/wp\/v2\/pages\/9?add-to-cart=24262\" aria-label=\"Dodaj do koszyka: &bdquo;Mesko MS 4217&rdquo;\" data-quantity=\"1\" data-product_id=\"24262\" data-product_sku=\"MS 4217\" data-price=\"221\" rel=\"nofollow\" class=\"wp-block-button__link  add_to_cart_button ajax_add_to_cart\">Dodaj do koszyka<\/a><\/div>\n\t\t\t<\/li><li class=\"wc-block-grid__product\">\n\t\t\t\t<a href=\"https:\/\/ielektronik.pl\/produkt\/philips-hr1388-80-bialy\/\" class=\"wc-block-grid__product-link\">\n\t\t\t\t\t\n\t\t\t\t\t<div class=\"wc-block-grid__product-image\"><img loading=\"lazy\" decoding=\"async\" width=\"300\" height=\"300\" src=\"https:\/\/ielektronik.pl\/wp-content\/uploads\/2026\/04\/AMMIKSPHIHR138880-1-300x300.jpg\" class=\"attachment-woocommerce_thumbnail size-woocommerce_thumbnail\" alt=\"Philips HR1388\/80 bia\u0142y\" srcset=\"https:\/\/ielektronik.pl\/wp-content\/uploads\/2026\/04\/AMMIKSPHIHR138880-1-300x300.jpg 300w, https:\/\/ielektronik.pl\/wp-content\/uploads\/2026\/04\/AMMIKSPHIHR138880-1-150x150.jpg 150w, https:\/\/ielektronik.pl\/wp-content\/uploads\/2026\/04\/AMMIKSPHIHR138880-1-100x100.jpg 100w\" sizes=\"auto, (max-width: 300px) 100vw, 300px\" \/><\/div>\n\t\t\t\t\t<div class=\"wc-block-grid__product-title\">Philips HR1388\/80 bia\u0142y<\/div>\n\t\t\t\t<\/a>\n\t\t\t\t<div class=\"wc-block-grid__product-price price\"><span class=\"electro-price\"><span class=\"woocommerce-Price-amount amount\">270,00&nbsp;<span class=\"woocommerce-Price-currencySymbol\">&#122;&#322;<\/span><\/span><\/span><\/div>\n\t\t\t\t\n\t\t\t\t<div class=\"wp-block-button wc-block-grid__product-add-to-cart\"><a href=\"\/index.php\/wp-json\/wp\/v2\/pages\/9?add-to-cart=24260\" aria-label=\"Dodaj do koszyka: &bdquo;Philips HR1388\/80 bia\u0142y&rdquo;\" data-quantity=\"1\" data-product_id=\"24260\" data-product_sku=\"HR1388\/80\" data-price=\"270\" rel=\"nofollow\" class=\"wp-block-button__link  add_to_cart_button ajax_add_to_cart\">Dodaj do koszyka<\/a><\/div>\n\t\t\t<\/li><li class=\"wc-block-grid__product\">\n\t\t\t\t<a href=\"https:\/\/ielektronik.pl\/produkt\/cecotec-cecomixer-merengue-5-l-zarny\/\" class=\"wc-block-grid__product-link\">\n\t\t\t\t\t\n\t\t\t\t\t<div class=\"wc-block-grid__product-image\"><img loading=\"lazy\" decoding=\"async\" width=\"300\" height=\"300\" src=\"https:\/\/ielektronik.pl\/wp-content\/uploads\/2026\/04\/AMMIKS19-1-300x300.jpg\" class=\"attachment-woocommerce_thumbnail size-woocommerce_thumbnail\" alt=\"Cecotec Cecomixer Merengue 5 l zarny\" srcset=\"https:\/\/ielektronik.pl\/wp-content\/uploads\/2026\/04\/AMMIKS19-1-300x300.jpg 300w, https:\/\/ielektronik.pl\/wp-content\/uploads\/2026\/04\/AMMIKS19-1-150x150.jpg 150w, https:\/\/ielektronik.pl\/wp-content\/uploads\/2026\/04\/AMMIKS19-1-100x100.jpg 100w\" sizes=\"auto, (max-width: 300px) 100vw, 300px\" \/><\/div>\n\t\t\t\t\t<div class=\"wc-block-grid__product-title\">Cecotec Cecomixer Merengue 5 l zarny<\/div>\n\t\t\t\t<\/a>\n\t\t\t\t<div class=\"wc-block-grid__product-price price\"><span class=\"electro-price\"><span class=\"woocommerce-Price-amount amount\">262,00&nbsp;<span class=\"woocommerce-Price-currencySymbol\">&#122;&#322;<\/span><\/span><\/span><\/div>\n\t\t\t\t\n\t\t\t\t<div class=\"wp-block-button wc-block-grid__product-add-to-cart\"><a href=\"\/index.php\/wp-json\/wp\/v2\/pages\/9?add-to-cart=24258\" aria-label=\"Dodaj do koszyka: &bdquo;Cecotec Cecomixer Merengue 5 l zarny&rdquo;\" data-quantity=\"1\" data-product_id=\"24258\" data-product_sku=\"4380\" data-price=\"262\" rel=\"nofollow\" class=\"wp-block-button__link  add_to_cart_button ajax_add_to_cart\">Dodaj do koszyka<\/a><\/div>\n\t\t\t<\/li><\/ul><\/div><\/div>\n<\/div>\n","protected":false},"excerpt":{"rendered":"Mog\u0105 Ci\u0119 zainteresowa\u0107 Your cart is currently empty! New in store","protected":false},"author":1,"featured_media":0,"parent":0,"menu_order":0,"comment_status":"closed","ping_status":"closed","template":"","meta":{"_acf_changed":false,"om_disable_all_campaigns":false,"footnotes":""},"class_list":["post-9","page","type-page","status-publish","hentry"],"acf":[],"aioseo_notices":[],"_links":{"self":[{"href":"https:\/\/ielektronik.pl\/wp-json\/wp\/v2\/pages\/9","targetHints":{"allow":["GET"]}}],"collection":[{"href":"https:\/\/ielektronik.pl\/wp-json\/wp\/v2\/pages"}],"about":[{"href":"https:\/\/ielektronik.pl\/wp-json\/wp\/v2\/types\/page"}],"author":[{"embeddable":true,"href":"https:\/\/ielektronik.pl\/wp-json\/wp\/v2\/users\/1"}],"replies":[{"embeddable":true,"href":"https:\/\/ielektronik.pl\/wp-json\/wp\/v2\/comments?post=9"}],"version-history":[{"count":1,"href":"https:\/\/ielektronik.pl\/wp-json\/wp\/v2\/pages\/9\/revisions"}],"predecessor-version":[{"id":5231,"href":"https:\/\/ielektronik.pl\/wp-json\/wp\/v2\/pages\/9\/revisions\/5231"}],"wp:attachment":[{"href":"https:\/\/ielektronik.pl\/wp-json\/wp\/v2\/media?parent=9"}],"curies":[{"name":"wp","href":"https:\/\/api.w.org\/{rel}","templated":true}]}}